{"id":249,"date":"2015-05-14T20:49:32","date_gmt":"2015-05-14T19:49:32","guid":{"rendered":"http:\/\/www.eurominichamps.com\/?page_id=249"},"modified":"2022-08-24T10:39:14","modified_gmt":"2022-08-24T09:39:14","slug":"liens-utiles","status":"publish","type":"page","link":"https:\/\/www.eurominichamps.com\/en\/liens-utiles\/","title":{"rendered":"Links"},"content":{"rendered":"<p><\/p>\n<p class=\"sousTitre\"><strong>Institutional Partners<\/strong><\/p>\n<ul>\n<li>Ville de Schiltigheim : <a href=\"http:\/\/www.ville-schiltigheim.fr\" target=\"_blank\" rel=\"noopener noreferrer\">www.ville-schiltigheim.fr<\/a><\/li>\n<li>Eurom\u00e9tropole de Strasbourg<strong> : <\/strong><a href=\"http:\/\/www.strasbourg.eu\" target=\"_blank\" rel=\"noopener noreferrer\">www.strasbourg.eu<\/a><\/li>\n<li>Collectivit\u00e9 europ\u00e9enne d&#8217;Alsace<strong> : <\/strong><a href=\"http:\/\/www.bas-rhin.fr\/accueil\" target=\"_blank\" rel=\"noopener noreferrer\">https:\/\/www.alsace.eu\/<\/a><\/li>\n<li>R\u00e9gion Grand Est<strong> : <\/strong><a href=\"https:\/\/www.grandest.fr\/\" target=\"_blank\" rel=\"noopener noreferrer\">https:\/\/www.grandest.fr\/<\/a><\/li>\n<\/ul>\n<p><strong>Official Partners<\/strong><\/p>\n<ul>\n<li>ETTU (<em>European Table Tennis Union)<\/em><em> : <\/em><a href=\"http:\/\/www.lgett.fr\" target=\"_blank\" rel=\"noopener noreferrer\">www.ettu.org<\/a><\/li>\n<li>FFTT <em>(F\u00e9d\u00e9ration Fran\u00e7aise de Tennis de Table) : <\/em><a href=\"http:\/\/www.fftt.com\" target=\"_blank\" rel=\"noopener noreferrer\">www.fftt.com<\/a><\/li>\n<li>LGETT\u00a0<em>(Ligue du Grand Est de Tennis de Table) :\u00a0\u00a0<\/em><a href=\"http:\/\/www.lgett.fr\" target=\"_blank\" rel=\"noopener\">http:\/\/www.lgett.fr<\/a><\/li>\n<li>SU Schiltigheim Tennis de Table :\u00a0<a href=\"http:\/\/www.sustt.fr\/\" target=\"_blank\" rel=\"noopener\">http:\/\/www.sustt.fr\/<\/a><\/li>\n<\/ul>\n<p class=\"sousTitre\"><strong>Sponsors<\/strong><\/p>\n<ul>\n<li>Tibhar : <a href=\"https:\/\/tibhar-tt.com\/fr\/\" target=\"_blank\" rel=\"noopener\">https:\/\/tibhar-tt.com\/fr\/<\/a><\/li>\n<li>Koesio : <a href=\"https:\/\/koesio.com\/\" target=\"_blank\" rel=\"noopener\">https:\/\/koesio.com\/<\/a><\/li>\n<\/ul>\n<p><\/p>","protected":false},"excerpt":{"rendered":"<p>Institutional Partners Ville de Schiltigheim : www.ville-schiltigheim.fr Eurom\u00e9tropole de Strasbourg : www.strasbourg.eu Collectivit\u00e9 europ\u00e9enne d&#8217;Alsace : https:\/\/www.alsace.eu\/ R\u00e9gion Grand Est : https:\/\/www.grandest.fr\/ Official Partners ETTU&hellip;<\/p>\n","protected":false},"author":2,"featured_media":0,"parent":0,"menu_order":0,"comment_status":"closed","ping_status":"open","template":"","meta":{"footnotes":""},"class_list":["post-249","page","type-page","status-publish","hentry"],"_links":{"self":[{"href":"https:\/\/www.eurominichamps.com\/en\/wp-json\/wp\/v2\/pages\/249","targetHints":{"allow":["GET"]}}],"collection":[{"href":"https:\/\/www.eurominichamps.com\/en\/wp-json\/wp\/v2\/pages"}],"about":[{"href":"https:\/\/www.eurominichamps.com\/en\/wp-json\/wp\/v2\/types\/page"}],"author":[{"embeddable":true,"href":"https:\/\/www.eurominichamps.com\/en\/wp-json\/wp\/v2\/users\/2"}],"replies":[{"embeddable":true,"href":"https:\/\/www.eurominichamps.com\/en\/wp-json\/wp\/v2\/comments?post=249"}],"version-history":[{"count":5,"href":"https:\/\/www.eurominichamps.com\/en\/wp-json\/wp\/v2\/pages\/249\/revisions"}],"predecessor-version":[{"id":2801,"href":"https:\/\/www.eurominichamps.com\/en\/wp-json\/wp\/v2\/pages\/249\/revisions\/2801"}],"wp:attachment":[{"href":"https:\/\/www.eurominichamps.com\/en\/wp-json\/wp\/v2\/media?parent=249"}],"curies":[{"name":"wp","href":"https:\/\/api.w.org\/{rel}","templated":true}]}}