{"id":2272,"date":"2019-07-29T16:43:11","date_gmt":"2019-07-29T15:43:11","guid":{"rendered":"http:\/\/www.eurominichamps.com\/?page_id=2272"},"modified":"2019-07-29T16:43:46","modified_gmt":"2019-07-29T15:43:46","slug":"informations","status":"publish","type":"page","link":"https:\/\/www.eurominichamps.com\/en\/informations\/","title":{"rendered":"Informations"},"content":{"rendered":"<p class=\"qtranxs-available-languages-message qtranxs-available-languages-message-en\">Sorry, this entry is only available in <a href=\"https:\/\/www.eurominichamps.com\/fr\/wp-json\/wp\/v2\/pages\/2272\" class=\"qtranxs-available-language-link qtranxs-available-language-link-fr\" title=\"Fran\u00e7ais\">Fran\u00e7ais<\/a>.<\/p><p><\/p>\n<h3>Les jeunes prodiges europ\u00e9ens du tennis de table, cet \u00e9t\u00e9 \u00e0 Schiltigheim<\/h3>\n<p>&nbsp;<\/p>\n<p><strong><em>La 15\u00e8me \u00e9dition des Euro Mini Champ\u2019s de tennis de table se d\u00e9roulera du 23 au 25 ao\u00fbt 2019 \u00e0 Schiltigheim. Pour cette date anniversaire, la comp\u00e9tition se d\u00e9roulera pour la toute premi\u00e8re fois dans le nouveau Complexe Sportif Nelson Mandela.<\/em><\/strong><\/p>\n<p><em>A l\u2019instar du tournoi des \u00ab Petits As \u00bb au tennis, la F\u00e9d\u00e9ration Fran\u00e7aise de Tennis de Table propose une \u00e9preuve individuelle \u00e0 vocation europ\u00e9enne pour de tr\u00e8s jeunes joueurs (gar\u00e7ons et filles n\u00e9s en 2007\/2008\/2009) pour la 15\u00e8me \u00e9dition en 2019.<\/em><\/p>\n<p><strong><em>34 nations seront repr\u00e9sent\u00e9s cette ann\u00e9e !<\/em><\/strong><\/p>\n<p><em>Pas moins de 400 gar\u00e7ons et filles de 10 \u00e0 12 ans venus de toute l\u2019Europe s\u2019affronteront pendant trois jours sur 50 tables et partageront leur passion du tennis de table.<\/em><\/p>\n<p><em>Ce tournoi est un des rendez-vous majeurs du programme de d\u00e9tection des tr\u00e8s jeunes pongistes de la FFTT. Il a pour objectif de former des sportifs de tr\u00e8s haut niveau qui seront comp\u00e9titifs \u00e0 l\u2019\u00e9chelle internationale.<\/em><\/p>\n<p><em>Les excellents r\u00e9sultats actuels obtenus par de nombreuses individualit\u00e9s appartenant aujourd\u2019hui \u00e0 l\u2019\u00e9lite jeune europ\u00e9enne d\u00e9montrent que ce type de manifestation atteint son objectif en valorisant la formation des jeunes qui s\u2019engagent sur la route du haut niveau.<\/em><\/p>\n<p><em>Les meilleur(e)s jeunes de &#8211; de 13 ans europ\u00e9en\u2219nes actuel\u2219les (dont de nombreux fran\u00e7ais\u2219es) ont tou\u2219tes particip\u00e9 et\/ou gagn\u00e9 une \u00e9dition des Euro Mini Champ\u2019s.<\/em><\/p>\n<p><em>Ces tr\u00e8s jeunes athl\u00e8tes vont se mesurer durant les 3 jours de comp\u00e9tition et prouver que le tennis de table m\u00e9rite ses lettres de noblesse au sein des disciplines sportives !<\/em><\/p>\n<p><em>Une belle manifestation de haut niveau \u00e0 ne pas manquer, parrain\u00e9e cette ann\u00e9e par une l\u00e9gende de ce sport : le champion su\u00e9dois Jorgen Persson, multiple m\u00e9daill\u00e9 des Championnats du Monde et d\u2019Europe, ex n\u00b01 mondial et entraineur actuel de Mattias Falck, finaliste des Championnats du Monde 2019.<\/em><\/p>\n<p><em>Autre pr\u00e9sence remarquable pour cette \u00e9dition 2019 et dans la continuit\u00e9 de l\u2019\u00e9dition pr\u00e9c\u00e9dente : le Japon et les Etats-Unis feront leur retour cette ann\u00e9e et donneront donc une dimension plan\u00e9taire \u00e0 la comp\u00e9tition. <\/em><\/p>\n<p><strong>On vous donne donc rendez-vous d\u00e8s le 23 ao\u00fbt \u00e0 Schiltigheim pour ces 15\u00e8mes EMC\u00a0qui s\u2019annonce exceptionnels !<\/strong><\/p>","protected":false},"excerpt":{"rendered":"<p>Sorry, this entry is only available in Fran\u00e7ais. Les jeunes prodiges europ\u00e9ens du tennis de table, cet \u00e9t\u00e9 \u00e0 Schiltigheim &nbsp; La 15\u00e8me \u00e9dition des&hellip;<\/p>\n","protected":false},"author":2,"featured_media":0,"parent":0,"menu_order":0,"comment_status":"closed","ping_status":"closed","template":"","meta":{"footnotes":""},"class_list":["post-2272","page","type-page","status-publish","hentry"],"_links":{"self":[{"href":"https:\/\/www.eurominichamps.com\/en\/wp-json\/wp\/v2\/pages\/2272","targetHints":{"allow":["GET"]}}],"collection":[{"href":"https:\/\/www.eurominichamps.com\/en\/wp-json\/wp\/v2\/pages"}],"about":[{"href":"https:\/\/www.eurominichamps.com\/en\/wp-json\/wp\/v2\/types\/page"}],"author":[{"embeddable":true,"href":"https:\/\/www.eurominichamps.com\/en\/wp-json\/wp\/v2\/users\/2"}],"replies":[{"embeddable":true,"href":"https:\/\/www.eurominichamps.com\/en\/wp-json\/wp\/v2\/comments?post=2272"}],"version-history":[{"count":2,"href":"https:\/\/www.eurominichamps.com\/en\/wp-json\/wp\/v2\/pages\/2272\/revisions"}],"predecessor-version":[{"id":2274,"href":"https:\/\/www.eurominichamps.com\/en\/wp-json\/wp\/v2\/pages\/2272\/revisions\/2274"}],"wp:attachment":[{"href":"https:\/\/www.eurominichamps.com\/en\/wp-json\/wp\/v2\/media?parent=2272"}],"curies":[{"name":"wp","href":"https:\/\/api.w.org\/{rel}","templated":true}]}}