{"id":1585,"date":"2017-08-24T19:16:35","date_gmt":"2017-08-24T18:16:35","guid":{"rendered":"http:\/\/www.eurominichamps.com\/?page_id=1585"},"modified":"2017-08-28T07:20:27","modified_gmt":"2017-08-28T06:20:27","slug":"resultats-2017","status":"publish","type":"page","link":"https:\/\/www.eurominichamps.com\/en\/resultats-2017\/","title":{"rendered":"Results 2017"},"content":{"rendered":"<p><\/p>\n<h2>POULES<\/h2>\n<h3>Results stage 1 :<\/h3>\n<ul>\n<li><a href=\"http:\/\/www.eurominichamps.com\/wp-content\/uploads\/2017\/08\/BOYS_06_Stage1_R\u00e9sultats.pdf\" class=\"mtli_attachment mtli_pdf\">BOYS_06_Stage1_R\u00e9sultats<\/a><\/li>\n<li><a href=\"http:\/\/www.eurominichamps.com\/wp-content\/uploads\/2017\/08\/GIRLS_06_Stage1_R\u00e9sultats.pdf\" class=\"mtli_attachment mtli_pdf\">GIRLS_06_Stage1_R\u00e9sultats<\/a><\/li>\n<li><a href=\"http:\/\/www.eurominichamps.com\/wp-content\/uploads\/2017\/08\/GIRLS_05_Stage1_R\u00e9sultats.pdf\" class=\"mtli_attachment mtli_pdf\">GIRLS_05_Stage1_R\u00e9sultats<\/a><\/li>\n<li><a href=\"http:\/\/www.eurominichamps.com\/wp-content\/uploads\/2017\/08\/BOYS_05_Stage1_R\u00e9sultats.pdf\" class=\"mtli_attachment mtli_pdf\">BOYS_05_Stage1_R\u00e9sultats<\/a><\/li>\n<\/ul>\n<h3>Results stage 2\u00a0:<\/h3>\n<ul>\n<li><a href=\"http:\/\/www.eurominichamps.com\/wp-content\/uploads\/2017\/08\/GIRLS_06_Stage2_R\u00e9sultats.pdf\" class=\"mtli_attachment mtli_pdf\">GIRLS_06_Stage2_R\u00e9sultats<\/a><\/li>\n<li><a href=\"http:\/\/www.eurominichamps.com\/wp-content\/uploads\/2017\/08\/GIRLS_05_Stage2_R\u00e9sultats.pdf\" class=\"mtli_attachment mtli_pdf\">GIRLS_05_Stage2_R\u00e9sultats<\/a><\/li>\n<li><a href=\"http:\/\/www.eurominichamps.com\/wp-content\/uploads\/2017\/08\/BOYS_06_Stage2_R\u00e9sultats.pdf\" class=\"mtli_attachment mtli_pdf\">BOYS_06_Stage2_R\u00e9sultats<\/a><\/li>\n<li><a href=\"http:\/\/www.eurominichamps.com\/wp-content\/uploads\/2017\/08\/BOYS_05_Stage2_R\u00e9sultats.pdf\" class=\"mtli_attachment mtli_pdf\">BOYS_05_Stage2_R\u00e9sultats<\/a><\/li>\n<\/ul>\n<h3>Results stage 3 :<\/h3>\n<ul>\n<li><a href=\"http:\/\/www.eurominichamps.com\/wp-content\/uploads\/2017\/08\/GIRLS_06_Stage3_Results.pdf\" class=\"mtli_attachment mtli_pdf\" target=\"_blank\" rel=\"noopener\">GIRLS_06_Stage3_Results<\/a><\/li>\n<li><a href=\"http:\/\/www.eurominichamps.com\/wp-content\/uploads\/2017\/08\/GIRLS_05_Stage3_Results-1.pdf\" class=\"mtli_attachment mtli_pdf\" target=\"_blank\" rel=\"noopener\">GIRLS_05_Stage3_Results<\/a><\/li>\n<li><a href=\"http:\/\/www.eurominichamps.com\/wp-content\/uploads\/2017\/08\/BOYS_06_Stage3_Results.pdf\" class=\"mtli_attachment mtli_pdf\">BOYS_06_Stage3_Results<\/a><\/li>\n<li><a href=\"http:\/\/www.eurominichamps.com\/wp-content\/uploads\/2017\/08\/BOYS_05_Stage3_Results.pdf\" class=\"mtli_attachment mtli_pdf\">BOYS_05_Stage3_Results<\/a><\/li>\n<\/ul>\n<h3>Results stage 4 :<\/h3>\n<ul>\n<li><a href=\"http:\/\/www.eurominichamps.com\/wp-content\/uploads\/2017\/08\/BOYS_05_Stage4_Results-1.pdf\" class=\"mtli_attachment mtli_pdf\" target=\"_blank\" rel=\"noopener\">BOYS_05_Stage4_Results<\/a><\/li>\n<li><a href=\"http:\/\/www.eurominichamps.com\/wp-content\/uploads\/2017\/08\/BOYS_06_Stage4_Results.pdf\" class=\"mtli_attachment mtli_pdf\" target=\"_blank\" rel=\"noopener\">BOYS_06_Stage4_Results<\/a><\/li>\n<\/ul>\n<hr \/>\n<h2>TABLEAU<\/h2>\n<h3>Final<\/h3>\n<ul>\n<li><a href=\"http:\/\/www.eurominichamps.com\/wp-content\/uploads\/2017\/08\/GIRLS_05_MainDraw-8.pdf\" class=\"mtli_attachment mtli_pdf\" target=\"_blank\" rel=\"noopener\">GIRLS_05_MainDraw<\/a><\/li>\n<li><a href=\"http:\/\/www.eurominichamps.com\/wp-content\/uploads\/2017\/08\/BOYS_05_MainDraw-8.pdf\" class=\"mtli_attachment mtli_pdf\" target=\"_blank\" rel=\"noopener\">BOYS_05_MainDraw<\/a><\/li>\n<li><a href=\"http:\/\/www.eurominichamps.com\/wp-content\/uploads\/2017\/08\/GIRLS_06_MainDraw-6.pdf\" class=\"mtli_attachment mtli_pdf\" target=\"_blank\" rel=\"noopener\">GIRLS_06_MainDraw<\/a><\/li>\n<li><a href=\"http:\/\/www.eurominichamps.com\/wp-content\/uploads\/2017\/08\/BOYS_06_MainDraw-8.pdf\" class=\"mtli_attachment mtli_pdf\" target=\"_blank\" rel=\"noopener\">BOYS_06_MainDraw<\/a><\/li>\n<\/ul>\n<hr \/>\n<h2>CONSOLANTE<\/h2>\n<h3>Results stage A :<\/h3>\n<ul>\n<li><a href=\"http:\/\/www.eurominichamps.com\/wp-content\/uploads\/2017\/08\/G05_consol_res_stageA_17.pdf\" class=\"mtli_attachment mtli_pdf\" target=\"_blank\" rel=\"noopener\">G05_consol_res_stageA_17<\/a><\/li>\n<li><a href=\"http:\/\/www.eurominichamps.com\/wp-content\/uploads\/2017\/08\/B05_consol_res_stageA_17.pdf\" class=\"mtli_attachment mtli_pdf\" target=\"_blank\" rel=\"noopener\">B05_consol_res_stageA_17<\/a><\/li>\n<li><a href=\"http:\/\/www.eurominichamps.com\/wp-content\/uploads\/2017\/08\/B06_consol_res_stageA_17.pdf\" class=\"mtli_attachment mtli_pdf\" target=\"_blank\" rel=\"noopener\">B06_consol_res_stageA_17<\/a><\/li>\n<li><a href=\"http:\/\/www.eurominichamps.com\/wp-content\/uploads\/2017\/08\/G06_consol_res_stageA_17-1.pdf\" class=\"mtli_attachment mtli_pdf\" target=\"_blank\" rel=\"noopener\">G06_consol_res_stageA_17<\/a><\/li>\n<\/ul>\n<h3>Results Stage B :<\/h3>\n<ul>\n<li><a href=\"http:\/\/www.eurominichamps.com\/wp-content\/uploads\/2017\/08\/B05_consol_res_stageB_17-1.pdf\" class=\"mtli_attachment mtli_pdf\" target=\"_blank\" rel=\"noopener\">B05_consol_res_stageB_17<\/a><\/li>\n<li><a href=\"http:\/\/www.eurominichamps.com\/wp-content\/uploads\/2017\/08\/B06_consol_res_stageB_17.pdf\" class=\"mtli_attachment mtli_pdf\" target=\"_blank\" rel=\"noopener\">B06_consol_res_stageB_17<\/a><\/li>\n<\/ul>\n<h3>Final Main Draw consolante<\/h3>\n<ul>\n<li><a href=\"http:\/\/www.eurominichamps.com\/wp-content\/uploads\/2017\/08\/G06_consol_tablefin_17-2.pdf\" class=\"mtli_attachment mtli_pdf\" target=\"_blank\" rel=\"noopener\">G06_consol_tablefin_17<\/a><\/li>\n<li><a href=\"http:\/\/www.eurominichamps.com\/wp-content\/uploads\/2017\/08\/G06_consol_class_17.pdf\" class=\"mtli_attachment mtli_pdf\" target=\"_blank\" rel=\"noopener\">G06_consol_class_17<\/a><\/li>\n<li><a href=\"http:\/\/www.eurominichamps.com\/wp-content\/uploads\/2017\/08\/G05_consol_tablefin_17-2.pdf\" class=\"mtli_attachment mtli_pdf\" target=\"_blank\" rel=\"noopener\">G05_consol_tablefin_17<\/a><\/li>\n<li><a href=\"http:\/\/www.eurominichamps.com\/wp-content\/uploads\/2017\/08\/G05_consol_class_17.pdf\" class=\"mtli_attachment mtli_pdf\" target=\"_blank\" rel=\"noopener\">G05_consol_class_17<\/a><\/li>\n<li><a href=\"http:\/\/www.eurominichamps.com\/wp-content\/uploads\/2017\/08\/B06_consol_tablefinal_17-2.pdf\" class=\"mtli_attachment mtli_pdf\" target=\"_blank\" rel=\"noopener\">B06_consol_tablefinal_17<\/a><\/li>\n<li><a href=\"http:\/\/www.eurominichamps.com\/wp-content\/uploads\/2017\/08\/B06_consol_class_17.pdf\" class=\"mtli_attachment mtli_pdf\" target=\"_blank\" rel=\"noopener\">B06_consol_class_17<\/a><\/li>\n<li><a href=\"http:\/\/www.eurominichamps.com\/wp-content\/uploads\/2017\/08\/B05_consol_tablefinal_17-2.pdf\" class=\"mtli_attachment mtli_pdf\" target=\"_blank\" rel=\"noopener\">B05_consol_tablefinal_17<\/a><\/li>\n<li><a href=\"http:\/\/www.eurominichamps.com\/wp-content\/uploads\/2017\/08\/B05_consol_class_17.pdf\" class=\"mtli_attachment mtli_pdf\" target=\"_blank\" rel=\"noopener\">B05_consol_class_17<\/a><\/li>\n<\/ul>\n<p><\/p>","protected":false},"excerpt":{"rendered":"<p>POULES Results stage 1 : BOYS_06_Stage1_R\u00e9sultats GIRLS_06_Stage1_R\u00e9sultats GIRLS_05_Stage1_R\u00e9sultats BOYS_05_Stage1_R\u00e9sultats Results stage 2\u00a0: GIRLS_06_Stage2_R\u00e9sultats GIRLS_05_Stage2_R\u00e9sultats BOYS_06_Stage2_R\u00e9sultats BOYS_05_Stage2_R\u00e9sultats Results stage 3 : GIRLS_06_Stage3_Results GIRLS_05_Stage3_Results BOYS_06_Stage3_Results BOYS_05_Stage3_Results Results&hellip;<\/p>\n","protected":false},"author":2,"featured_media":0,"parent":0,"menu_order":0,"comment_status":"closed","ping_status":"closed","template":"","meta":{"footnotes":""},"class_list":["post-1585","page","type-page","status-publish","hentry"],"_links":{"self":[{"href":"https:\/\/www.eurominichamps.com\/en\/wp-json\/wp\/v2\/pages\/1585","targetHints":{"allow":["GET"]}}],"collection":[{"href":"https:\/\/www.eurominichamps.com\/en\/wp-json\/wp\/v2\/pages"}],"about":[{"href":"https:\/\/www.eurominichamps.com\/en\/wp-json\/wp\/v2\/types\/page"}],"author":[{"embeddable":true,"href":"https:\/\/www.eurominichamps.com\/en\/wp-json\/wp\/v2\/users\/2"}],"replies":[{"embeddable":true,"href":"https:\/\/www.eurominichamps.com\/en\/wp-json\/wp\/v2\/comments?post=1585"}],"version-history":[{"count":110,"href":"https:\/\/www.eurominichamps.com\/en\/wp-json\/wp\/v2\/pages\/1585\/revisions"}],"predecessor-version":[{"id":1814,"href":"https:\/\/www.eurominichamps.com\/en\/wp-json\/wp\/v2\/pages\/1585\/revisions\/1814"}],"wp:attachment":[{"href":"https:\/\/www.eurominichamps.com\/en\/wp-json\/wp\/v2\/media?parent=1585"}],"curies":[{"name":"wp","href":"https:\/\/api.w.org\/{rel}","templated":true}]}}