{"id":1196,"date":"2016-08-25T16:05:44","date_gmt":"2016-08-25T15:05:44","guid":{"rendered":"http:\/\/www.eurominichamps.com\/?page_id=1196"},"modified":"2016-08-30T11:31:48","modified_gmt":"2016-08-30T10:31:48","slug":"resultats-2016","status":"publish","type":"page","link":"https:\/\/www.eurominichamps.com\/en\/resultats-2016\/","title":{"rendered":"Results 2016"},"content":{"rendered":"<p><\/p>\n<h3>Stage\u00a01 :<\/h3>\n<ul>\n<li><a href=\"http:\/\/www.eurominichamps.com\/wp-content\/uploads\/2016\/08\/GIRLS_2005_Stage1_R\u00e9sultats.pdf\" class=\"mtli_attachment mtli_pdf\">GIRLS_2005_Stage1_R\u00e9sultats<\/a><\/li>\n<li><a href=\"http:\/\/www.eurominichamps.com\/wp-content\/uploads\/2016\/08\/GIRLS_2004_Stage1_R\u00e9sultats.pdf\" class=\"mtli_attachment mtli_pdf\">GIRLS_2004_Stage1_R\u00e9sultats<\/a><\/li>\n<li><a href=\"http:\/\/www.eurominichamps.com\/wp-content\/uploads\/2016\/08\/BOYS_2005_Stage1_R\u00e9sultats.pdf\" class=\"mtli_attachment mtli_pdf\">BOYS_2005_Stage1_R\u00e9sultats<\/a><\/li>\n<li><a href=\"http:\/\/www.eurominichamps.com\/wp-content\/uploads\/2016\/08\/BOYS_2004_Stage1_R\u00e9sultats.pdf\" class=\"mtli_attachment mtli_pdf\">BOYS_2004_Stage1_R\u00e9sultats<\/a><\/li>\n<\/ul>\n<h3>Stage\u00a02 :<\/h3>\n<ul>\n<li><a href=\"http:\/\/www.eurominichamps.com\/wp-content\/uploads\/2016\/08\/GIRLS_2005_Stage2_R\u00e9sultats.pdf\" class=\"mtli_attachment mtli_pdf\">GIRLS_2005_Stage2_R\u00e9sultats<\/a><\/li>\n<li><a href=\"http:\/\/www.eurominichamps.com\/wp-content\/uploads\/2016\/08\/BOYS_2005_Stage2_R\u00e9sultats.pdf\" class=\"mtli_attachment mtli_pdf\">BOYS_2005_Stage2_R\u00e9sultats<\/a><\/li>\n<li><a href=\"http:\/\/www.eurominichamps.com\/wp-content\/uploads\/2016\/08\/GIRLS_2004_Stage2_R\u00e9sultats.pdf\" class=\"mtli_attachment mtli_pdf\">GIRLS_2004_Stage2_R\u00e9sultats<\/a><\/li>\n<li><a href=\"http:\/\/www.eurominichamps.com\/wp-content\/uploads\/2016\/08\/BOYS_2004_Stage2_R\u00e9sultats.pdf\" class=\"mtli_attachment mtli_pdf\">BOYS_2004_Stage2_R\u00e9sultats<\/a><\/li>\n<\/ul>\n<h3>Stage\u00a03 :<\/h3>\n<ul>\n<li><a href=\"http:\/\/www.eurominichamps.com\/wp-content\/uploads\/2016\/08\/GIRLS_2004_Stage3_R\u00e9sultats.pdf\" class=\"mtli_attachment mtli_pdf\">GIRLS_2004_Stage3_R\u00e9sultats<\/a><\/li>\n<li><a href=\"http:\/\/www.eurominichamps.com\/wp-content\/uploads\/2016\/08\/GIRLS_2005_Stage3_R\u00e9sultats.pdf\" class=\"mtli_attachment mtli_pdf\">GIRLS_2005_Stage3_R\u00e9sultats<\/a><\/li>\n<li><a href=\"http:\/\/www.eurominichamps.com\/wp-content\/uploads\/2016\/08\/BOYS_2005_Stage3_R\u00e9sultats.pdf\" class=\"mtli_attachment mtli_pdf\">BOYS_2005_Stage3_R\u00e9sultats<\/a><\/li>\n<li><a href=\"http:\/\/www.eurominichamps.com\/wp-content\/uploads\/2016\/08\/BOYS_2004_Stage3_R\u00e9sultats.pdf\" class=\"mtli_attachment mtli_pdf\">BOYS_2004_Stage3_R\u00e9sultats<\/a><\/li>\n<\/ul>\n<h3>Stage 4 :<\/h3>\n<ul>\n<li><a href=\"http:\/\/www.eurominichamps.com\/wp-content\/uploads\/2016\/08\/BOYS_2004_Stage4_R\u00e9sultats.pdf\" class=\"mtli_attachment mtli_pdf\">BOYS_2004_Stage4_R\u00e9sultats<\/a><\/li>\n<li><a href=\"http:\/\/www.eurominichamps.com\/wp-content\/uploads\/2016\/08\/BOYS_2005_Stage4_R\u00e9sultats.pdf\" class=\"mtli_attachment mtli_pdf\">BOYS_2005_Stage4_R\u00e9sultats<\/a><\/li>\n<\/ul>\n<h2>TABLEAUX :<\/h2>\n<ul>\n<li><a href=\"http:\/\/www.eurominichamps.com\/wp-content\/uploads\/2016\/08\/GIRLS_2005_Tableau-8.pdf\" class=\"mtli_attachment mtli_pdf\">GIRLS_2005_Tableau<\/a>\u00a0FINALE TERMINEE<\/li>\n<li><a href=\"http:\/\/www.eurominichamps.com\/wp-content\/uploads\/2016\/08\/BOYS_2005_Tableau-7.pdf\" class=\"mtli_attachment mtli_pdf\">BOYS_2005_Tableau<\/a>\u00a0FINALE TERMINEE<\/li>\n<li><a href=\"http:\/\/www.eurominichamps.com\/wp-content\/uploads\/2016\/08\/GIRLS_2004_Tableau-6.pdf\" class=\"mtli_attachment mtli_pdf\">GIRLS_2004_Tableau<\/a>\u00a0FINALE TERMINEE<\/li>\n<li><a href=\"http:\/\/www.eurominichamps.com\/wp-content\/uploads\/2016\/08\/BOYS_2004_Tableau-6.pdf\" class=\"mtli_attachment mtli_pdf\">BOYS_2004_Tableau<\/a>\u00a0FINALE TERMINEE<\/li>\n<\/ul>\n<p><img loading=\"lazy\" decoding=\"async\" class=\"aligncenter wp-image-1379 size-large\" src=\"http:\/\/www.eurominichamps.com\/wp-content\/uploads\/2016\/08\/Podium-Boys-2005-1024x683.jpg\" alt=\"Podium Boys 2005\" width=\"600\" height=\"400\" srcset=\"https:\/\/www.eurominichamps.com\/wp-content\/uploads\/2016\/08\/Podium-Boys-2005-1024x683.jpg 1024w, https:\/\/www.eurominichamps.com\/wp-content\/uploads\/2016\/08\/Podium-Boys-2005-300x200.jpg 300w, https:\/\/www.eurominichamps.com\/wp-content\/uploads\/2016\/08\/Podium-Boys-2005-768x512.jpg 768w, https:\/\/www.eurominichamps.com\/wp-content\/uploads\/2016\/08\/Podium-Boys-2005-600x400.jpg 600w, https:\/\/www.eurominichamps.com\/wp-content\/uploads\/2016\/08\/Podium-Boys-2005.jpg 2048w\" sizes=\"auto, (max-width: 600px) 100vw, 600px\" \/> <img loading=\"lazy\" decoding=\"async\" class=\"aligncenter wp-image-1380 size-large\" src=\"http:\/\/www.eurominichamps.com\/wp-content\/uploads\/2016\/08\/Podium-Girls-2004-1024x683.jpg\" alt=\"Podium Girls 2004\" width=\"600\" height=\"400\" srcset=\"https:\/\/www.eurominichamps.com\/wp-content\/uploads\/2016\/08\/Podium-Girls-2004-1024x683.jpg 1024w, https:\/\/www.eurominichamps.com\/wp-content\/uploads\/2016\/08\/Podium-Girls-2004-300x200.jpg 300w, https:\/\/www.eurominichamps.com\/wp-content\/uploads\/2016\/08\/Podium-Girls-2004-768x512.jpg 768w, https:\/\/www.eurominichamps.com\/wp-content\/uploads\/2016\/08\/Podium-Girls-2004-600x400.jpg 600w, https:\/\/www.eurominichamps.com\/wp-content\/uploads\/2016\/08\/Podium-Girls-2004.jpg 2048w\" sizes=\"auto, (max-width: 600px) 100vw, 600px\" \/> <img loading=\"lazy\" decoding=\"async\" class=\"aligncenter wp-image-1381 size-large\" src=\"http:\/\/www.eurominichamps.com\/wp-content\/uploads\/2016\/08\/Podium-Girls-2005-1024x683.jpg\" alt=\"Podium Girls 2005\" width=\"600\" height=\"400\" srcset=\"https:\/\/www.eurominichamps.com\/wp-content\/uploads\/2016\/08\/Podium-Girls-2005-1024x683.jpg 1024w, https:\/\/www.eurominichamps.com\/wp-content\/uploads\/2016\/08\/Podium-Girls-2005-300x200.jpg 300w, https:\/\/www.eurominichamps.com\/wp-content\/uploads\/2016\/08\/Podium-Girls-2005-768x512.jpg 768w, https:\/\/www.eurominichamps.com\/wp-content\/uploads\/2016\/08\/Podium-Girls-2005-600x400.jpg 600w, https:\/\/www.eurominichamps.com\/wp-content\/uploads\/2016\/08\/Podium-Girls-2005.jpg 2048w\" sizes=\"auto, (max-width: 600px) 100vw, 600px\" \/> <img loading=\"lazy\" decoding=\"async\" class=\"aligncenter wp-image-1382 size-large\" src=\"http:\/\/www.eurominichamps.com\/wp-content\/uploads\/2016\/08\/Podium-Boys-2004-1024x683.jpg\" alt=\"Podium Boys 2004\" width=\"600\" height=\"400\" srcset=\"https:\/\/www.eurominichamps.com\/wp-content\/uploads\/2016\/08\/Podium-Boys-2004-1024x683.jpg 1024w, https:\/\/www.eurominichamps.com\/wp-content\/uploads\/2016\/08\/Podium-Boys-2004-300x200.jpg 300w, https:\/\/www.eurominichamps.com\/wp-content\/uploads\/2016\/08\/Podium-Boys-2004-768x512.jpg 768w, https:\/\/www.eurominichamps.com\/wp-content\/uploads\/2016\/08\/Podium-Boys-2004-600x400.jpg 600w, https:\/\/www.eurominichamps.com\/wp-content\/uploads\/2016\/08\/Podium-Boys-2004.jpg 2048w\" sizes=\"auto, (max-width: 600px) 100vw, 600px\" \/><\/p>\n<hr \/>\n<h3>Consolante<\/h3>\n<p><span style=\"text-decoration: underline;\">Stage A<\/span> :<\/p>\n<ul>\n<li><a href=\"http:\/\/www.eurominichamps.com\/wp-content\/uploads\/2016\/08\/B05_consol_16_stageA_res.pdf\" class=\"mtli_attachment mtli_pdf\">B05_consol_16_stageA_res<\/a><\/li>\n<li><a href=\"http:\/\/www.eurominichamps.com\/wp-content\/uploads\/2016\/08\/G04_consol_16_stageA_res.pdf\" class=\"mtli_attachment mtli_pdf\">G04_consol_16_stageA_res<\/a><\/li>\n<li><a href=\"http:\/\/www.eurominichamps.com\/wp-content\/uploads\/2016\/08\/G05_consol_16_stageA_res.pdf\" class=\"mtli_attachment mtli_pdf\">G05_consol_16_stageA_res<\/a><\/li>\n<li><a href=\"http:\/\/www.eurominichamps.com\/wp-content\/uploads\/2016\/08\/B04_consol_16_stageA_res.pdf\" class=\"mtli_attachment mtli_pdf\">B04_consol_16_stageA_res<\/a><\/li>\n<\/ul>\n<p><span style=\"text-decoration: underline;\">Stage B<\/span> :<\/p>\n<ul>\n<li><a href=\"http:\/\/www.eurominichamps.com\/wp-content\/uploads\/2016\/08\/B05_consol_16_stageB_res.pdf\" class=\"mtli_attachment mtli_pdf\">B05_consol_16_stageB_res<\/a><\/li>\n<li><a href=\"http:\/\/www.eurominichamps.com\/wp-content\/uploads\/2016\/08\/B04_consol_16_stageB_res.pdf\" class=\"mtli_attachment mtli_pdf\">B04_consol_16_stageB_res<\/a><\/li>\n<\/ul>\n<p><span style=\"text-decoration: underline;\">Tableau final consolante<\/span> :<\/p>\n<ul>\n<li><a href=\"http:\/\/www.eurominichamps.com\/wp-content\/uploads\/2016\/08\/G05_consol_16_table-fin.pdf\" class=\"mtli_attachment mtli_pdf\">G05_consol_16_table-fin<\/a><\/li>\n<li><a href=\"http:\/\/www.eurominichamps.com\/wp-content\/uploads\/2016\/08\/G05_consol_16_classement.pdf\" class=\"mtli_attachment mtli_pdf\">G05_consol_16_classement<\/a><\/li>\n<li><a href=\"http:\/\/www.eurominichamps.com\/wp-content\/uploads\/2016\/08\/B05_consol_16_classement.pdf\" class=\"mtli_attachment mtli_pdf\">B05_consol_16_classement<\/a><\/li>\n<li><a href=\"http:\/\/www.eurominichamps.com\/wp-content\/uploads\/2016\/08\/B05_consol_16_table-fin.pdf\" class=\"mtli_attachment mtli_pdf\">B05_consol_16_table-fin<\/a><\/li>\n<li><a href=\"http:\/\/www.eurominichamps.com\/wp-content\/uploads\/2016\/08\/B04_consol_16_classement.pdf\" class=\"mtli_attachment mtli_pdf\">B04_consol_16_classement<\/a><\/li>\n<li><a href=\"http:\/\/www.eurominichamps.com\/wp-content\/uploads\/2016\/08\/B04_consol_16_table-fin.pdf\" class=\"mtli_attachment mtli_pdf\">B04_consol_16_table-fin<\/a><\/li>\n<li><a href=\"http:\/\/www.eurominichamps.com\/wp-content\/uploads\/2016\/08\/G04_consol_16_classement.pdf\" class=\"mtli_attachment mtli_pdf\">G04_consol_16_classement<\/a><\/li>\n<li><a href=\"http:\/\/www.eurominichamps.com\/wp-content\/uploads\/2016\/08\/G04_consol_16_table-fin.pdf\" class=\"mtli_attachment mtli_pdf\">G04_consol_16_table-fin<\/a><\/li>\n<\/ul>\n<p><\/p>","protected":false},"excerpt":{"rendered":"<p>Stage\u00a01 : GIRLS_2005_Stage1_R\u00e9sultats GIRLS_2004_Stage1_R\u00e9sultats BOYS_2005_Stage1_R\u00e9sultats BOYS_2004_Stage1_R\u00e9sultats Stage\u00a02 : GIRLS_2005_Stage2_R\u00e9sultats BOYS_2005_Stage2_R\u00e9sultats GIRLS_2004_Stage2_R\u00e9sultats BOYS_2004_Stage2_R\u00e9sultats Stage\u00a03 : GIRLS_2004_Stage3_R\u00e9sultats GIRLS_2005_Stage3_R\u00e9sultats BOYS_2005_Stage3_R\u00e9sultats BOYS_2004_Stage3_R\u00e9sultats Stage 4 : BOYS_2004_Stage4_R\u00e9sultats BOYS_2005_Stage4_R\u00e9sultats TABLEAUX :&hellip;<\/p>\n","protected":false},"author":2,"featured_media":0,"parent":0,"menu_order":0,"comment_status":"closed","ping_status":"closed","template":"","meta":{"footnotes":""},"class_list":["post-1196","page","type-page","status-publish","hentry"],"_links":{"self":[{"href":"https:\/\/www.eurominichamps.com\/en\/wp-json\/wp\/v2\/pages\/1196","targetHints":{"allow":["GET"]}}],"collection":[{"href":"https:\/\/www.eurominichamps.com\/en\/wp-json\/wp\/v2\/pages"}],"about":[{"href":"https:\/\/www.eurominichamps.com\/en\/wp-json\/wp\/v2\/types\/page"}],"author":[{"embeddable":true,"href":"https:\/\/www.eurominichamps.com\/en\/wp-json\/wp\/v2\/users\/2"}],"replies":[{"embeddable":true,"href":"https:\/\/www.eurominichamps.com\/en\/wp-json\/wp\/v2\/comments?post=1196"}],"version-history":[{"count":54,"href":"https:\/\/www.eurominichamps.com\/en\/wp-json\/wp\/v2\/pages\/1196\/revisions"}],"predecessor-version":[{"id":1383,"href":"https:\/\/www.eurominichamps.com\/en\/wp-json\/wp\/v2\/pages\/1196\/revisions\/1383"}],"wp:attachment":[{"href":"https:\/\/www.eurominichamps.com\/en\/wp-json\/wp\/v2\/media?parent=1196"}],"curies":[{"name":"wp","href":"https:\/\/api.w.org\/{rel}","templated":true}]}}